{"id":3002,"date":"2023-01-20T10:52:20","date_gmt":"2023-01-20T09:52:20","guid":{"rendered":"https:\/\/www.wenex.fr\/commercial-marine\/pont-et-manutention\/2951-2\/"},"modified":"2023-01-20T16:51:10","modified_gmt":"2023-01-20T15:51:10","slug":"tailor-made-hoisting-solutions-kito-van-leusden","status":"publish","type":"page","link":"https:\/\/www.wenex.fr\/en\/commercial-marine\/pont-et-manutention\/tailor-made-hoisting-solutions-kito-van-leusden\/","title":{"rendered":"Tailor-made hoisting solutions Kito Van Leusden"},"content":{"rendered":"","protected":false},"excerpt":{"rendered":"","protected":false},"author":3,"featured_media":2949,"parent":2664,"menu_order":0,"comment_status":"closed","ping_status":"closed","template":"","meta":{"_acf_changed":false,"footnotes":""},"class_list":["post-3002","page","type-page","status-publish","has-post-thumbnail","hentry"],"acf":[],"yoast_head":"<!-- This site is optimized with the Yoast SEO plugin v27.3 - https:\/\/yoast.com\/product\/yoast-seo-wordpress\/ -->\n<title>Tailor-made hoisting solutions Kito Van Leusden - Wenex Equipements<\/title>\n<meta name=\"robots\" content=\"index, follow, max-snippet:-1, max-image-preview:large, max-video-preview:-1\" \/>\n<link rel=\"canonical\" href=\"https:\/\/www.wenex.fr\/en\/commercial-marine\/pont-et-manutention\/tailor-made-hoisting-solutions-kito-van-leusden\/\" \/>\n<meta property=\"og:locale\" content=\"en_US\" \/>\n<meta property=\"og:type\" content=\"article\" \/>\n<meta property=\"og:title\" content=\"Tailor-made hoisting solutions Kito Van Leusden - Wenex Equipements\" \/>\n<meta property=\"og:url\" content=\"https:\/\/www.wenex.fr\/en\/commercial-marine\/pont-et-manutention\/tailor-made-hoisting-solutions-kito-van-leusden\/\" \/>\n<meta property=\"og:site_name\" content=\"Wenex Equipements\" \/>\n<meta property=\"article:modified_time\" content=\"2023-01-20T15:51:10+00:00\" \/>\n<meta property=\"og:image\" content=\"https:\/\/www.wenex.fr\/wp-content\/uploads\/2023\/01\/kito-meav.png\" \/>\n\t<meta property=\"og:image:width\" content=\"1365\" \/>\n\t<meta property=\"og:image:height\" content=\"837\" \/>\n\t<meta property=\"og:image:type\" content=\"image\/png\" \/>\n<meta name=\"twitter:card\" content=\"summary_large_image\" \/>\n<script type=\"application\/ld+json\" class=\"yoast-schema-graph\">{\"@context\":\"https:\\\/\\\/schema.org\",\"@graph\":[{\"@type\":\"WebPage\",\"@id\":\"https:\\\/\\\/www.wenex.fr\\\/en\\\/commercial-marine\\\/pont-et-manutention\\\/tailor-made-hoisting-solutions-kito-van-leusden\\\/\",\"url\":\"https:\\\/\\\/www.wenex.fr\\\/en\\\/commercial-marine\\\/pont-et-manutention\\\/tailor-made-hoisting-solutions-kito-van-leusden\\\/\",\"name\":\"Tailor-made hoisting solutions Kito Van Leusden - Wenex Equipements\",\"isPartOf\":{\"@id\":\"https:\\\/\\\/www.wenex.fr\\\/en\\\/#website\"},\"primaryImageOfPage\":{\"@id\":\"https:\\\/\\\/www.wenex.fr\\\/en\\\/commercial-marine\\\/pont-et-manutention\\\/tailor-made-hoisting-solutions-kito-van-leusden\\\/#primaryimage\"},\"image\":{\"@id\":\"https:\\\/\\\/www.wenex.fr\\\/en\\\/commercial-marine\\\/pont-et-manutention\\\/tailor-made-hoisting-solutions-kito-van-leusden\\\/#primaryimage\"},\"thumbnailUrl\":\"https:\\\/\\\/www.wenex.fr\\\/wp-content\\\/uploads\\\/2023\\\/01\\\/kito-meav.png\",\"datePublished\":\"2023-01-20T09:52:20+00:00\",\"dateModified\":\"2023-01-20T15:51:10+00:00\",\"breadcrumb\":{\"@id\":\"https:\\\/\\\/www.wenex.fr\\\/en\\\/commercial-marine\\\/pont-et-manutention\\\/tailor-made-hoisting-solutions-kito-van-leusden\\\/#breadcrumb\"},\"inLanguage\":\"en-US\",\"potentialAction\":[{\"@type\":\"ReadAction\",\"target\":[\"https:\\\/\\\/www.wenex.fr\\\/en\\\/commercial-marine\\\/pont-et-manutention\\\/tailor-made-hoisting-solutions-kito-van-leusden\\\/\"]}]},{\"@type\":\"ImageObject\",\"inLanguage\":\"en-US\",\"@id\":\"https:\\\/\\\/www.wenex.fr\\\/en\\\/commercial-marine\\\/pont-et-manutention\\\/tailor-made-hoisting-solutions-kito-van-leusden\\\/#primaryimage\",\"url\":\"https:\\\/\\\/www.wenex.fr\\\/wp-content\\\/uploads\\\/2023\\\/01\\\/kito-meav.png\",\"contentUrl\":\"https:\\\/\\\/www.wenex.fr\\\/wp-content\\\/uploads\\\/2023\\\/01\\\/kito-meav.png\",\"width\":1365,\"height\":837},{\"@type\":\"BreadcrumbList\",\"@id\":\"https:\\\/\\\/www.wenex.fr\\\/en\\\/commercial-marine\\\/pont-et-manutention\\\/tailor-made-hoisting-solutions-kito-van-leusden\\\/#breadcrumb\",\"itemListElement\":[{\"@type\":\"ListItem\",\"position\":1,\"name\":\"Wenex\",\"item\":\"https:\\\/\\\/www.wenex.fr\\\/en\\\/\"},{\"@type\":\"ListItem\",\"position\":2,\"name\":\"Commercial Marine\",\"item\":\"https:\\\/\\\/www.wenex.fr\\\/en\\\/commercial-marine\\\/\"},{\"@type\":\"ListItem\",\"position\":3,\"name\":\"Deck and handling\",\"item\":\"https:\\\/\\\/www.wenex.fr\\\/en\\\/commercial-marine\\\/pont-et-manutention\\\/\"},{\"@type\":\"ListItem\",\"position\":4,\"name\":\"Tailor-made hoisting solutions Kito Van Leusden\"}]},{\"@type\":\"WebSite\",\"@id\":\"https:\\\/\\\/www.wenex.fr\\\/en\\\/#website\",\"url\":\"https:\\\/\\\/www.wenex.fr\\\/en\\\/\",\"name\":\"Wenex Equipements\",\"description\":\"\u00c9quipements pour la construction navale, l&#039;\u00e9nergie, l&#039;offshore, EMR et industries sp\u00e9cialis\u00e9es\",\"potentialAction\":[{\"@type\":\"SearchAction\",\"target\":{\"@type\":\"EntryPoint\",\"urlTemplate\":\"https:\\\/\\\/www.wenex.fr\\\/en\\\/?s={search_term_string}\"},\"query-input\":{\"@type\":\"PropertyValueSpecification\",\"valueRequired\":true,\"valueName\":\"search_term_string\"}}],\"inLanguage\":\"en-US\"}]}<\/script>\n<!-- \/ Yoast SEO plugin. -->","yoast_head_json":{"title":"Tailor-made hoisting solutions Kito Van Leusden - Wenex Equipements","robots":{"index":"index","follow":"follow","max-snippet":"max-snippet:-1","max-image-preview":"max-image-preview:large","max-video-preview":"max-video-preview:-1"},"canonical":"https:\/\/www.wenex.fr\/en\/commercial-marine\/pont-et-manutention\/tailor-made-hoisting-solutions-kito-van-leusden\/","og_locale":"en_US","og_type":"article","og_title":"Tailor-made hoisting solutions Kito Van Leusden - Wenex Equipements","og_url":"https:\/\/www.wenex.fr\/en\/commercial-marine\/pont-et-manutention\/tailor-made-hoisting-solutions-kito-van-leusden\/","og_site_name":"Wenex Equipements","article_modified_time":"2023-01-20T15:51:10+00:00","og_image":[{"width":1365,"height":837,"url":"https:\/\/www.wenex.fr\/wp-content\/uploads\/2023\/01\/kito-meav.png","type":"image\/png"}],"twitter_card":"summary_large_image","schema":{"@context":"https:\/\/schema.org","@graph":[{"@type":"WebPage","@id":"https:\/\/www.wenex.fr\/en\/commercial-marine\/pont-et-manutention\/tailor-made-hoisting-solutions-kito-van-leusden\/","url":"https:\/\/www.wenex.fr\/en\/commercial-marine\/pont-et-manutention\/tailor-made-hoisting-solutions-kito-van-leusden\/","name":"Tailor-made hoisting solutions Kito Van Leusden - Wenex Equipements","isPartOf":{"@id":"https:\/\/www.wenex.fr\/en\/#website"},"primaryImageOfPage":{"@id":"https:\/\/www.wenex.fr\/en\/commercial-marine\/pont-et-manutention\/tailor-made-hoisting-solutions-kito-van-leusden\/#primaryimage"},"image":{"@id":"https:\/\/www.wenex.fr\/en\/commercial-marine\/pont-et-manutention\/tailor-made-hoisting-solutions-kito-van-leusden\/#primaryimage"},"thumbnailUrl":"https:\/\/www.wenex.fr\/wp-content\/uploads\/2023\/01\/kito-meav.png","datePublished":"2023-01-20T09:52:20+00:00","dateModified":"2023-01-20T15:51:10+00:00","breadcrumb":{"@id":"https:\/\/www.wenex.fr\/en\/commercial-marine\/pont-et-manutention\/tailor-made-hoisting-solutions-kito-van-leusden\/#breadcrumb"},"inLanguage":"en-US","potentialAction":[{"@type":"ReadAction","target":["https:\/\/www.wenex.fr\/en\/commercial-marine\/pont-et-manutention\/tailor-made-hoisting-solutions-kito-van-leusden\/"]}]},{"@type":"ImageObject","inLanguage":"en-US","@id":"https:\/\/www.wenex.fr\/en\/commercial-marine\/pont-et-manutention\/tailor-made-hoisting-solutions-kito-van-leusden\/#primaryimage","url":"https:\/\/www.wenex.fr\/wp-content\/uploads\/2023\/01\/kito-meav.png","contentUrl":"https:\/\/www.wenex.fr\/wp-content\/uploads\/2023\/01\/kito-meav.png","width":1365,"height":837},{"@type":"BreadcrumbList","@id":"https:\/\/www.wenex.fr\/en\/commercial-marine\/pont-et-manutention\/tailor-made-hoisting-solutions-kito-van-leusden\/#breadcrumb","itemListElement":[{"@type":"ListItem","position":1,"name":"Wenex","item":"https:\/\/www.wenex.fr\/en\/"},{"@type":"ListItem","position":2,"name":"Commercial Marine","item":"https:\/\/www.wenex.fr\/en\/commercial-marine\/"},{"@type":"ListItem","position":3,"name":"Deck and handling","item":"https:\/\/www.wenex.fr\/en\/commercial-marine\/pont-et-manutention\/"},{"@type":"ListItem","position":4,"name":"Tailor-made hoisting solutions Kito Van Leusden"}]},{"@type":"WebSite","@id":"https:\/\/www.wenex.fr\/en\/#website","url":"https:\/\/www.wenex.fr\/en\/","name":"Wenex Equipements","description":"\u00c9quipements pour la construction navale, l&#039;\u00e9nergie, l&#039;offshore, EMR et industries sp\u00e9cialis\u00e9es","potentialAction":[{"@type":"SearchAction","target":{"@type":"EntryPoint","urlTemplate":"https:\/\/www.wenex.fr\/en\/?s={search_term_string}"},"query-input":{"@type":"PropertyValueSpecification","valueRequired":true,"valueName":"search_term_string"}}],"inLanguage":"en-US"}]}},"_links":{"self":[{"href":"https:\/\/www.wenex.fr\/en\/wp-json\/wp\/v2\/pages\/3002","targetHints":{"allow":["GET"]}}],"collection":[{"href":"https:\/\/www.wenex.fr\/en\/wp-json\/wp\/v2\/pages"}],"about":[{"href":"https:\/\/www.wenex.fr\/en\/wp-json\/wp\/v2\/types\/page"}],"author":[{"embeddable":true,"href":"https:\/\/www.wenex.fr\/en\/wp-json\/wp\/v2\/users\/3"}],"replies":[{"embeddable":true,"href":"https:\/\/www.wenex.fr\/en\/wp-json\/wp\/v2\/comments?post=3002"}],"version-history":[{"count":4,"href":"https:\/\/www.wenex.fr\/en\/wp-json\/wp\/v2\/pages\/3002\/revisions"}],"predecessor-version":[{"id":3013,"href":"https:\/\/www.wenex.fr\/en\/wp-json\/wp\/v2\/pages\/3002\/revisions\/3013"}],"up":[{"embeddable":true,"href":"https:\/\/www.wenex.fr\/en\/wp-json\/wp\/v2\/pages\/2664"}],"wp:featuredmedia":[{"embeddable":true,"href":"https:\/\/www.wenex.fr\/en\/wp-json\/wp\/v2\/media\/2949"}],"wp:attachment":[{"href":"https:\/\/www.wenex.fr\/en\/wp-json\/wp\/v2\/media?parent=3002"}],"curies":[{"name":"wp","href":"https:\/\/api.w.org\/{rel}","templated":true}]}}