{"id":2802,"date":"2022-11-10T14:24:40","date_gmt":"2022-11-10T13:24:40","guid":{"rendered":"https:\/\/www.wenex.fr\/industrial-sites\/paliers-thordon-pour-pompes-verticales\/"},"modified":"2023-01-25T14:05:42","modified_gmt":"2023-01-25T13:05:42","slug":"thordon-bearings-for-vertical-pumps","status":"publish","type":"page","link":"https:\/\/www.wenex.fr\/en\/industrial-sites\/thordon-bearings-for-vertical-pumps\/","title":{"rendered":"Thordon bearings for vertical pumps"},"content":{"rendered":"","protected":false},"excerpt":{"rendered":"","protected":false},"author":3,"featured_media":2064,"parent":2776,"menu_order":0,"comment_status":"closed","ping_status":"closed","template":"","meta":{"_acf_changed":false,"footnotes":""},"class_list":["post-2802","page","type-page","status-publish","has-post-thumbnail","hentry"],"acf":[],"yoast_head":"<!-- This site is optimized with the Yoast SEO plugin v27.3 - https:\/\/yoast.com\/product\/yoast-seo-wordpress\/ -->\n<title>Thordon bearings for vertical pumps - Wenex Equipements<\/title>\n<meta name=\"robots\" content=\"index, follow, max-snippet:-1, max-image-preview:large, max-video-preview:-1\" \/>\n<link rel=\"canonical\" href=\"https:\/\/www.wenex.fr\/en\/industrial-sites\/thordon-bearings-for-vertical-pumps\/\" \/>\n<meta property=\"og:locale\" content=\"en_US\" \/>\n<meta property=\"og:type\" content=\"article\" \/>\n<meta property=\"og:title\" content=\"Thordon bearings for vertical pumps - Wenex Equipements\" \/>\n<meta property=\"og:url\" content=\"https:\/\/www.wenex.fr\/en\/industrial-sites\/thordon-bearings-for-vertical-pumps\/\" \/>\n<meta property=\"og:site_name\" content=\"Wenex Equipements\" \/>\n<meta property=\"article:modified_time\" content=\"2023-01-25T13:05:42+00:00\" \/>\n<meta property=\"og:image\" content=\"https:\/\/www.wenex.fr\/wp-content\/uploads\/2022\/11\/pompes-MEAV.jpg\" \/>\n\t<meta property=\"og:image:width\" content=\"464\" \/>\n\t<meta property=\"og:image:height\" content=\"349\" \/>\n\t<meta property=\"og:image:type\" content=\"image\/jpeg\" \/>\n<meta name=\"twitter:card\" content=\"summary_large_image\" \/>\n<script type=\"application\/ld+json\" class=\"yoast-schema-graph\">{\"@context\":\"https:\\\/\\\/schema.org\",\"@graph\":[{\"@type\":\"WebPage\",\"@id\":\"https:\\\/\\\/www.wenex.fr\\\/en\\\/industrial-sites\\\/thordon-bearings-for-vertical-pumps\\\/\",\"url\":\"https:\\\/\\\/www.wenex.fr\\\/en\\\/industrial-sites\\\/thordon-bearings-for-vertical-pumps\\\/\",\"name\":\"Thordon bearings for vertical pumps - Wenex Equipements\",\"isPartOf\":{\"@id\":\"https:\\\/\\\/www.wenex.fr\\\/en\\\/#website\"},\"primaryImageOfPage\":{\"@id\":\"https:\\\/\\\/www.wenex.fr\\\/en\\\/industrial-sites\\\/thordon-bearings-for-vertical-pumps\\\/#primaryimage\"},\"image\":{\"@id\":\"https:\\\/\\\/www.wenex.fr\\\/en\\\/industrial-sites\\\/thordon-bearings-for-vertical-pumps\\\/#primaryimage\"},\"thumbnailUrl\":\"https:\\\/\\\/www.wenex.fr\\\/wp-content\\\/uploads\\\/2022\\\/11\\\/pompes-MEAV.jpg\",\"datePublished\":\"2022-11-10T13:24:40+00:00\",\"dateModified\":\"2023-01-25T13:05:42+00:00\",\"breadcrumb\":{\"@id\":\"https:\\\/\\\/www.wenex.fr\\\/en\\\/industrial-sites\\\/thordon-bearings-for-vertical-pumps\\\/#breadcrumb\"},\"inLanguage\":\"en-US\",\"potentialAction\":[{\"@type\":\"ReadAction\",\"target\":[\"https:\\\/\\\/www.wenex.fr\\\/en\\\/industrial-sites\\\/thordon-bearings-for-vertical-pumps\\\/\"]}]},{\"@type\":\"ImageObject\",\"inLanguage\":\"en-US\",\"@id\":\"https:\\\/\\\/www.wenex.fr\\\/en\\\/industrial-sites\\\/thordon-bearings-for-vertical-pumps\\\/#primaryimage\",\"url\":\"https:\\\/\\\/www.wenex.fr\\\/wp-content\\\/uploads\\\/2022\\\/11\\\/pompes-MEAV.jpg\",\"contentUrl\":\"https:\\\/\\\/www.wenex.fr\\\/wp-content\\\/uploads\\\/2022\\\/11\\\/pompes-MEAV.jpg\",\"width\":464,\"height\":349},{\"@type\":\"BreadcrumbList\",\"@id\":\"https:\\\/\\\/www.wenex.fr\\\/en\\\/industrial-sites\\\/thordon-bearings-for-vertical-pumps\\\/#breadcrumb\",\"itemListElement\":[{\"@type\":\"ListItem\",\"position\":1,\"name\":\"Wenex\",\"item\":\"https:\\\/\\\/www.wenex.fr\\\/en\\\/\"},{\"@type\":\"ListItem\",\"position\":2,\"name\":\"Industrial sites\",\"item\":\"https:\\\/\\\/www.wenex.fr\\\/en\\\/industrial-sites\\\/\"},{\"@type\":\"ListItem\",\"position\":3,\"name\":\"Thordon bearings for vertical pumps\"}]},{\"@type\":\"WebSite\",\"@id\":\"https:\\\/\\\/www.wenex.fr\\\/en\\\/#website\",\"url\":\"https:\\\/\\\/www.wenex.fr\\\/en\\\/\",\"name\":\"Wenex Equipements\",\"description\":\"\u00c9quipements pour la construction navale, l&#039;\u00e9nergie, l&#039;offshore, EMR et industries sp\u00e9cialis\u00e9es\",\"potentialAction\":[{\"@type\":\"SearchAction\",\"target\":{\"@type\":\"EntryPoint\",\"urlTemplate\":\"https:\\\/\\\/www.wenex.fr\\\/en\\\/?s={search_term_string}\"},\"query-input\":{\"@type\":\"PropertyValueSpecification\",\"valueRequired\":true,\"valueName\":\"search_term_string\"}}],\"inLanguage\":\"en-US\"}]}<\/script>\n<!-- \/ Yoast SEO plugin. -->","yoast_head_json":{"title":"Thordon bearings for vertical pumps - Wenex Equipements","robots":{"index":"index","follow":"follow","max-snippet":"max-snippet:-1","max-image-preview":"max-image-preview:large","max-video-preview":"max-video-preview:-1"},"canonical":"https:\/\/www.wenex.fr\/en\/industrial-sites\/thordon-bearings-for-vertical-pumps\/","og_locale":"en_US","og_type":"article","og_title":"Thordon bearings for vertical pumps - Wenex Equipements","og_url":"https:\/\/www.wenex.fr\/en\/industrial-sites\/thordon-bearings-for-vertical-pumps\/","og_site_name":"Wenex Equipements","article_modified_time":"2023-01-25T13:05:42+00:00","og_image":[{"width":464,"height":349,"url":"https:\/\/www.wenex.fr\/wp-content\/uploads\/2022\/11\/pompes-MEAV.jpg","type":"image\/jpeg"}],"twitter_card":"summary_large_image","schema":{"@context":"https:\/\/schema.org","@graph":[{"@type":"WebPage","@id":"https:\/\/www.wenex.fr\/en\/industrial-sites\/thordon-bearings-for-vertical-pumps\/","url":"https:\/\/www.wenex.fr\/en\/industrial-sites\/thordon-bearings-for-vertical-pumps\/","name":"Thordon bearings for vertical pumps - Wenex Equipements","isPartOf":{"@id":"https:\/\/www.wenex.fr\/en\/#website"},"primaryImageOfPage":{"@id":"https:\/\/www.wenex.fr\/en\/industrial-sites\/thordon-bearings-for-vertical-pumps\/#primaryimage"},"image":{"@id":"https:\/\/www.wenex.fr\/en\/industrial-sites\/thordon-bearings-for-vertical-pumps\/#primaryimage"},"thumbnailUrl":"https:\/\/www.wenex.fr\/wp-content\/uploads\/2022\/11\/pompes-MEAV.jpg","datePublished":"2022-11-10T13:24:40+00:00","dateModified":"2023-01-25T13:05:42+00:00","breadcrumb":{"@id":"https:\/\/www.wenex.fr\/en\/industrial-sites\/thordon-bearings-for-vertical-pumps\/#breadcrumb"},"inLanguage":"en-US","potentialAction":[{"@type":"ReadAction","target":["https:\/\/www.wenex.fr\/en\/industrial-sites\/thordon-bearings-for-vertical-pumps\/"]}]},{"@type":"ImageObject","inLanguage":"en-US","@id":"https:\/\/www.wenex.fr\/en\/industrial-sites\/thordon-bearings-for-vertical-pumps\/#primaryimage","url":"https:\/\/www.wenex.fr\/wp-content\/uploads\/2022\/11\/pompes-MEAV.jpg","contentUrl":"https:\/\/www.wenex.fr\/wp-content\/uploads\/2022\/11\/pompes-MEAV.jpg","width":464,"height":349},{"@type":"BreadcrumbList","@id":"https:\/\/www.wenex.fr\/en\/industrial-sites\/thordon-bearings-for-vertical-pumps\/#breadcrumb","itemListElement":[{"@type":"ListItem","position":1,"name":"Wenex","item":"https:\/\/www.wenex.fr\/en\/"},{"@type":"ListItem","position":2,"name":"Industrial sites","item":"https:\/\/www.wenex.fr\/en\/industrial-sites\/"},{"@type":"ListItem","position":3,"name":"Thordon bearings for vertical pumps"}]},{"@type":"WebSite","@id":"https:\/\/www.wenex.fr\/en\/#website","url":"https:\/\/www.wenex.fr\/en\/","name":"Wenex Equipements","description":"\u00c9quipements pour la construction navale, l&#039;\u00e9nergie, l&#039;offshore, EMR et industries sp\u00e9cialis\u00e9es","potentialAction":[{"@type":"SearchAction","target":{"@type":"EntryPoint","urlTemplate":"https:\/\/www.wenex.fr\/en\/?s={search_term_string}"},"query-input":{"@type":"PropertyValueSpecification","valueRequired":true,"valueName":"search_term_string"}}],"inLanguage":"en-US"}]}},"_links":{"self":[{"href":"https:\/\/www.wenex.fr\/en\/wp-json\/wp\/v2\/pages\/2802","targetHints":{"allow":["GET"]}}],"collection":[{"href":"https:\/\/www.wenex.fr\/en\/wp-json\/wp\/v2\/pages"}],"about":[{"href":"https:\/\/www.wenex.fr\/en\/wp-json\/wp\/v2\/types\/page"}],"author":[{"embeddable":true,"href":"https:\/\/www.wenex.fr\/en\/wp-json\/wp\/v2\/users\/3"}],"replies":[{"embeddable":true,"href":"https:\/\/www.wenex.fr\/en\/wp-json\/wp\/v2\/comments?post=2802"}],"version-history":[{"count":9,"href":"https:\/\/www.wenex.fr\/en\/wp-json\/wp\/v2\/pages\/2802\/revisions"}],"predecessor-version":[{"id":3158,"href":"https:\/\/www.wenex.fr\/en\/wp-json\/wp\/v2\/pages\/2802\/revisions\/3158"}],"up":[{"embeddable":true,"href":"https:\/\/www.wenex.fr\/en\/wp-json\/wp\/v2\/pages\/2776"}],"wp:featuredmedia":[{"embeddable":true,"href":"https:\/\/www.wenex.fr\/en\/wp-json\/wp\/v2\/media\/2064"}],"wp:attachment":[{"href":"https:\/\/www.wenex.fr\/en\/wp-json\/wp\/v2\/media?parent=2802"}],"curies":[{"name":"wp","href":"https:\/\/api.w.org\/{rel}","templated":true}]}}