{"id":2774,"date":"2022-07-20T10:59:57","date_gmt":"2022-07-20T08:59:57","guid":{"rendered":"https:\/\/www.wenex.fr\/yachting\/varifold-a-4-pales-repliables\/"},"modified":"2023-01-17T14:01:41","modified_gmt":"2023-01-17T13:01:41","slug":"varifold-with-4-folding-blades","status":"publish","type":"page","link":"https:\/\/www.wenex.fr\/en\/yachting\/varifold-with-4-folding-blades\/","title":{"rendered":"Varifold with 4 folding blades"},"content":{"rendered":"","protected":false},"excerpt":{"rendered":"","protected":false},"author":3,"featured_media":764,"parent":2756,"menu_order":0,"comment_status":"closed","ping_status":"closed","template":"","meta":{"_acf_changed":false,"footnotes":""},"class_list":["post-2774","page","type-page","status-publish","has-post-thumbnail","hentry"],"acf":[],"yoast_head":"<!-- This site is optimized with the Yoast SEO plugin v27.3 - https:\/\/yoast.com\/product\/yoast-seo-wordpress\/ -->\n<title>Varifold with 4 folding blades - Wenex Equipements<\/title>\n<meta name=\"robots\" content=\"index, follow, max-snippet:-1, max-image-preview:large, max-video-preview:-1\" \/>\n<link rel=\"canonical\" href=\"https:\/\/www.wenex.fr\/en\/yachting\/varifold-with-4-folding-blades\/\" \/>\n<meta property=\"og:locale\" content=\"en_US\" \/>\n<meta property=\"og:type\" content=\"article\" \/>\n<meta property=\"og:title\" content=\"Varifold with 4 folding blades - Wenex Equipements\" \/>\n<meta property=\"og:url\" content=\"https:\/\/www.wenex.fr\/en\/yachting\/varifold-with-4-folding-blades\/\" \/>\n<meta property=\"og:site_name\" content=\"Wenex Equipements\" \/>\n<meta property=\"article:modified_time\" content=\"2023-01-17T13:01:41+00:00\" \/>\n<meta property=\"og:image\" content=\"https:\/\/www.wenex.fr\/wp-content\/uploads\/2022\/07\/bruntons_varifold_deployed.jpg\" \/>\n\t<meta property=\"og:image:width\" content=\"300\" \/>\n\t<meta property=\"og:image:height\" content=\"323\" \/>\n\t<meta property=\"og:image:type\" content=\"image\/jpeg\" \/>\n<meta name=\"twitter:card\" content=\"summary_large_image\" \/>\n<script type=\"application\/ld+json\" class=\"yoast-schema-graph\">{\"@context\":\"https:\\\/\\\/schema.org\",\"@graph\":[{\"@type\":\"WebPage\",\"@id\":\"https:\\\/\\\/www.wenex.fr\\\/en\\\/yachting\\\/varifold-with-4-folding-blades\\\/\",\"url\":\"https:\\\/\\\/www.wenex.fr\\\/en\\\/yachting\\\/varifold-with-4-folding-blades\\\/\",\"name\":\"Varifold with 4 folding blades - Wenex Equipements\",\"isPartOf\":{\"@id\":\"https:\\\/\\\/www.wenex.fr\\\/en\\\/#website\"},\"primaryImageOfPage\":{\"@id\":\"https:\\\/\\\/www.wenex.fr\\\/en\\\/yachting\\\/varifold-with-4-folding-blades\\\/#primaryimage\"},\"image\":{\"@id\":\"https:\\\/\\\/www.wenex.fr\\\/en\\\/yachting\\\/varifold-with-4-folding-blades\\\/#primaryimage\"},\"thumbnailUrl\":\"https:\\\/\\\/www.wenex.fr\\\/wp-content\\\/uploads\\\/2022\\\/07\\\/bruntons_varifold_deployed.jpg\",\"datePublished\":\"2022-07-20T08:59:57+00:00\",\"dateModified\":\"2023-01-17T13:01:41+00:00\",\"breadcrumb\":{\"@id\":\"https:\\\/\\\/www.wenex.fr\\\/en\\\/yachting\\\/varifold-with-4-folding-blades\\\/#breadcrumb\"},\"inLanguage\":\"en-US\",\"potentialAction\":[{\"@type\":\"ReadAction\",\"target\":[\"https:\\\/\\\/www.wenex.fr\\\/en\\\/yachting\\\/varifold-with-4-folding-blades\\\/\"]}]},{\"@type\":\"ImageObject\",\"inLanguage\":\"en-US\",\"@id\":\"https:\\\/\\\/www.wenex.fr\\\/en\\\/yachting\\\/varifold-with-4-folding-blades\\\/#primaryimage\",\"url\":\"https:\\\/\\\/www.wenex.fr\\\/wp-content\\\/uploads\\\/2022\\\/07\\\/bruntons_varifold_deployed.jpg\",\"contentUrl\":\"https:\\\/\\\/www.wenex.fr\\\/wp-content\\\/uploads\\\/2022\\\/07\\\/bruntons_varifold_deployed.jpg\",\"width\":300,\"height\":323},{\"@type\":\"BreadcrumbList\",\"@id\":\"https:\\\/\\\/www.wenex.fr\\\/en\\\/yachting\\\/varifold-with-4-folding-blades\\\/#breadcrumb\",\"itemListElement\":[{\"@type\":\"ListItem\",\"position\":1,\"name\":\"Wenex\",\"item\":\"https:\\\/\\\/www.wenex.fr\\\/en\\\/\"},{\"@type\":\"ListItem\",\"position\":2,\"name\":\"Yachting\",\"item\":\"https:\\\/\\\/www.wenex.fr\\\/en\\\/yachting\\\/\"},{\"@type\":\"ListItem\",\"position\":3,\"name\":\"Varifold with 4 folding blades\"}]},{\"@type\":\"WebSite\",\"@id\":\"https:\\\/\\\/www.wenex.fr\\\/en\\\/#website\",\"url\":\"https:\\\/\\\/www.wenex.fr\\\/en\\\/\",\"name\":\"Wenex Equipements\",\"description\":\"\u00c9quipements pour la construction navale, l&#039;\u00e9nergie, l&#039;offshore, EMR et industries sp\u00e9cialis\u00e9es\",\"potentialAction\":[{\"@type\":\"SearchAction\",\"target\":{\"@type\":\"EntryPoint\",\"urlTemplate\":\"https:\\\/\\\/www.wenex.fr\\\/en\\\/?s={search_term_string}\"},\"query-input\":{\"@type\":\"PropertyValueSpecification\",\"valueRequired\":true,\"valueName\":\"search_term_string\"}}],\"inLanguage\":\"en-US\"}]}<\/script>\n<!-- \/ Yoast SEO plugin. -->","yoast_head_json":{"title":"Varifold with 4 folding blades - Wenex Equipements","robots":{"index":"index","follow":"follow","max-snippet":"max-snippet:-1","max-image-preview":"max-image-preview:large","max-video-preview":"max-video-preview:-1"},"canonical":"https:\/\/www.wenex.fr\/en\/yachting\/varifold-with-4-folding-blades\/","og_locale":"en_US","og_type":"article","og_title":"Varifold with 4 folding blades - Wenex Equipements","og_url":"https:\/\/www.wenex.fr\/en\/yachting\/varifold-with-4-folding-blades\/","og_site_name":"Wenex Equipements","article_modified_time":"2023-01-17T13:01:41+00:00","og_image":[{"width":300,"height":323,"url":"https:\/\/www.wenex.fr\/wp-content\/uploads\/2022\/07\/bruntons_varifold_deployed.jpg","type":"image\/jpeg"}],"twitter_card":"summary_large_image","schema":{"@context":"https:\/\/schema.org","@graph":[{"@type":"WebPage","@id":"https:\/\/www.wenex.fr\/en\/yachting\/varifold-with-4-folding-blades\/","url":"https:\/\/www.wenex.fr\/en\/yachting\/varifold-with-4-folding-blades\/","name":"Varifold with 4 folding blades - Wenex Equipements","isPartOf":{"@id":"https:\/\/www.wenex.fr\/en\/#website"},"primaryImageOfPage":{"@id":"https:\/\/www.wenex.fr\/en\/yachting\/varifold-with-4-folding-blades\/#primaryimage"},"image":{"@id":"https:\/\/www.wenex.fr\/en\/yachting\/varifold-with-4-folding-blades\/#primaryimage"},"thumbnailUrl":"https:\/\/www.wenex.fr\/wp-content\/uploads\/2022\/07\/bruntons_varifold_deployed.jpg","datePublished":"2022-07-20T08:59:57+00:00","dateModified":"2023-01-17T13:01:41+00:00","breadcrumb":{"@id":"https:\/\/www.wenex.fr\/en\/yachting\/varifold-with-4-folding-blades\/#breadcrumb"},"inLanguage":"en-US","potentialAction":[{"@type":"ReadAction","target":["https:\/\/www.wenex.fr\/en\/yachting\/varifold-with-4-folding-blades\/"]}]},{"@type":"ImageObject","inLanguage":"en-US","@id":"https:\/\/www.wenex.fr\/en\/yachting\/varifold-with-4-folding-blades\/#primaryimage","url":"https:\/\/www.wenex.fr\/wp-content\/uploads\/2022\/07\/bruntons_varifold_deployed.jpg","contentUrl":"https:\/\/www.wenex.fr\/wp-content\/uploads\/2022\/07\/bruntons_varifold_deployed.jpg","width":300,"height":323},{"@type":"BreadcrumbList","@id":"https:\/\/www.wenex.fr\/en\/yachting\/varifold-with-4-folding-blades\/#breadcrumb","itemListElement":[{"@type":"ListItem","position":1,"name":"Wenex","item":"https:\/\/www.wenex.fr\/en\/"},{"@type":"ListItem","position":2,"name":"Yachting","item":"https:\/\/www.wenex.fr\/en\/yachting\/"},{"@type":"ListItem","position":3,"name":"Varifold with 4 folding blades"}]},{"@type":"WebSite","@id":"https:\/\/www.wenex.fr\/en\/#website","url":"https:\/\/www.wenex.fr\/en\/","name":"Wenex Equipements","description":"\u00c9quipements pour la construction navale, l&#039;\u00e9nergie, l&#039;offshore, EMR et industries sp\u00e9cialis\u00e9es","potentialAction":[{"@type":"SearchAction","target":{"@type":"EntryPoint","urlTemplate":"https:\/\/www.wenex.fr\/en\/?s={search_term_string}"},"query-input":{"@type":"PropertyValueSpecification","valueRequired":true,"valueName":"search_term_string"}}],"inLanguage":"en-US"}]}},"_links":{"self":[{"href":"https:\/\/www.wenex.fr\/en\/wp-json\/wp\/v2\/pages\/2774","targetHints":{"allow":["GET"]}}],"collection":[{"href":"https:\/\/www.wenex.fr\/en\/wp-json\/wp\/v2\/pages"}],"about":[{"href":"https:\/\/www.wenex.fr\/en\/wp-json\/wp\/v2\/types\/page"}],"author":[{"embeddable":true,"href":"https:\/\/www.wenex.fr\/en\/wp-json\/wp\/v2\/users\/3"}],"replies":[{"embeddable":true,"href":"https:\/\/www.wenex.fr\/en\/wp-json\/wp\/v2\/comments?post=2774"}],"version-history":[{"count":2,"href":"https:\/\/www.wenex.fr\/en\/wp-json\/wp\/v2\/pages\/2774\/revisions"}],"predecessor-version":[{"id":2894,"href":"https:\/\/www.wenex.fr\/en\/wp-json\/wp\/v2\/pages\/2774\/revisions\/2894"}],"up":[{"embeddable":true,"href":"https:\/\/www.wenex.fr\/en\/wp-json\/wp\/v2\/pages\/2756"}],"wp:featuredmedia":[{"embeddable":true,"href":"https:\/\/www.wenex.fr\/en\/wp-json\/wp\/v2\/media\/764"}],"wp:attachment":[{"href":"https:\/\/www.wenex.fr\/en\/wp-json\/wp\/v2\/media?parent=2774"}],"curies":[{"name":"wp","href":"https:\/\/api.w.org\/{rel}","templated":true}]}}