{"id":2742,"date":"2023-01-03T09:56:06","date_gmt":"2023-01-03T08:56:06","guid":{"rendered":"https:\/\/www.wenex.fr\/offshore-emr\/connections-sous-marines-hydro-group-solutions-pour-emr\/"},"modified":"2023-01-12T09:57:32","modified_gmt":"2023-01-12T08:57:32","slug":"hydro-group-underwater-connections-solutions-for-mre","status":"publish","type":"page","link":"https:\/\/www.wenex.fr\/en\/offshore-emr\/hydro-group-underwater-connections-solutions-for-mre\/","title":{"rendered":"Hydro Group underwater connections: solutions for MRE"},"content":{"rendered":"","protected":false},"excerpt":{"rendered":"","protected":false},"author":3,"featured_media":2187,"parent":2735,"menu_order":0,"comment_status":"closed","ping_status":"closed","template":"","meta":{"_acf_changed":false,"footnotes":""},"class_list":["post-2742","page","type-page","status-publish","has-post-thumbnail","hentry"],"acf":[],"yoast_head":"<!-- This site is optimized with the Yoast SEO plugin v27.3 - https:\/\/yoast.com\/product\/yoast-seo-wordpress\/ -->\n<title>Hydro Group underwater connections: solutions for MRE - Wenex Equipements<\/title>\n<meta name=\"robots\" content=\"index, follow, max-snippet:-1, max-image-preview:large, max-video-preview:-1\" \/>\n<link rel=\"canonical\" href=\"https:\/\/www.wenex.fr\/en\/offshore-emr\/hydro-group-underwater-connections-solutions-for-mre\/\" \/>\n<meta property=\"og:locale\" content=\"en_US\" \/>\n<meta property=\"og:type\" content=\"article\" \/>\n<meta property=\"og:title\" content=\"Hydro Group underwater connections: solutions for MRE - Wenex Equipements\" \/>\n<meta property=\"og:url\" content=\"https:\/\/www.wenex.fr\/en\/offshore-emr\/hydro-group-underwater-connections-solutions-for-mre\/\" \/>\n<meta property=\"og:site_name\" content=\"Wenex Equipements\" \/>\n<meta property=\"article:modified_time\" content=\"2023-01-12T08:57:32+00:00\" \/>\n<meta property=\"og:image\" content=\"https:\/\/www.wenex.fr\/wp-content\/uploads\/2022\/12\/Hydro-Group-1-scaled.jpg\" \/>\n\t<meta property=\"og:image:width\" content=\"2560\" \/>\n\t<meta property=\"og:image:height\" content=\"1928\" \/>\n\t<meta property=\"og:image:type\" content=\"image\/jpeg\" \/>\n<meta name=\"twitter:card\" content=\"summary_large_image\" \/>\n<script type=\"application\/ld+json\" class=\"yoast-schema-graph\">{\"@context\":\"https:\\\/\\\/schema.org\",\"@graph\":[{\"@type\":\"WebPage\",\"@id\":\"https:\\\/\\\/www.wenex.fr\\\/en\\\/offshore-emr\\\/hydro-group-underwater-connections-solutions-for-mre\\\/\",\"url\":\"https:\\\/\\\/www.wenex.fr\\\/en\\\/offshore-emr\\\/hydro-group-underwater-connections-solutions-for-mre\\\/\",\"name\":\"Hydro Group underwater connections: solutions for MRE - Wenex Equipements\",\"isPartOf\":{\"@id\":\"https:\\\/\\\/www.wenex.fr\\\/en\\\/#website\"},\"primaryImageOfPage\":{\"@id\":\"https:\\\/\\\/www.wenex.fr\\\/en\\\/offshore-emr\\\/hydro-group-underwater-connections-solutions-for-mre\\\/#primaryimage\"},\"image\":{\"@id\":\"https:\\\/\\\/www.wenex.fr\\\/en\\\/offshore-emr\\\/hydro-group-underwater-connections-solutions-for-mre\\\/#primaryimage\"},\"thumbnailUrl\":\"https:\\\/\\\/www.wenex.fr\\\/wp-content\\\/uploads\\\/2022\\\/12\\\/Hydro-Group-1-scaled.jpg\",\"datePublished\":\"2023-01-03T08:56:06+00:00\",\"dateModified\":\"2023-01-12T08:57:32+00:00\",\"breadcrumb\":{\"@id\":\"https:\\\/\\\/www.wenex.fr\\\/en\\\/offshore-emr\\\/hydro-group-underwater-connections-solutions-for-mre\\\/#breadcrumb\"},\"inLanguage\":\"en-US\",\"potentialAction\":[{\"@type\":\"ReadAction\",\"target\":[\"https:\\\/\\\/www.wenex.fr\\\/en\\\/offshore-emr\\\/hydro-group-underwater-connections-solutions-for-mre\\\/\"]}]},{\"@type\":\"ImageObject\",\"inLanguage\":\"en-US\",\"@id\":\"https:\\\/\\\/www.wenex.fr\\\/en\\\/offshore-emr\\\/hydro-group-underwater-connections-solutions-for-mre\\\/#primaryimage\",\"url\":\"https:\\\/\\\/www.wenex.fr\\\/wp-content\\\/uploads\\\/2022\\\/12\\\/Hydro-Group-1-scaled.jpg\",\"contentUrl\":\"https:\\\/\\\/www.wenex.fr\\\/wp-content\\\/uploads\\\/2022\\\/12\\\/Hydro-Group-1-scaled.jpg\",\"width\":2560,\"height\":1928},{\"@type\":\"BreadcrumbList\",\"@id\":\"https:\\\/\\\/www.wenex.fr\\\/en\\\/offshore-emr\\\/hydro-group-underwater-connections-solutions-for-mre\\\/#breadcrumb\",\"itemListElement\":[{\"@type\":\"ListItem\",\"position\":1,\"name\":\"Wenex\",\"item\":\"https:\\\/\\\/www.wenex.fr\\\/en\\\/\"},{\"@type\":\"ListItem\",\"position\":2,\"name\":\"Offshore &#038; EMR\",\"item\":\"https:\\\/\\\/www.wenex.fr\\\/en\\\/offshore-emr\\\/\"},{\"@type\":\"ListItem\",\"position\":3,\"name\":\"Hydro Group underwater connections: solutions for MRE\"}]},{\"@type\":\"WebSite\",\"@id\":\"https:\\\/\\\/www.wenex.fr\\\/en\\\/#website\",\"url\":\"https:\\\/\\\/www.wenex.fr\\\/en\\\/\",\"name\":\"Wenex Equipements\",\"description\":\"\u00c9quipements pour la construction navale, l&#039;\u00e9nergie, l&#039;offshore, EMR et industries sp\u00e9cialis\u00e9es\",\"potentialAction\":[{\"@type\":\"SearchAction\",\"target\":{\"@type\":\"EntryPoint\",\"urlTemplate\":\"https:\\\/\\\/www.wenex.fr\\\/en\\\/?s={search_term_string}\"},\"query-input\":{\"@type\":\"PropertyValueSpecification\",\"valueRequired\":true,\"valueName\":\"search_term_string\"}}],\"inLanguage\":\"en-US\"}]}<\/script>\n<!-- \/ Yoast SEO plugin. -->","yoast_head_json":{"title":"Hydro Group underwater connections: solutions for MRE - Wenex Equipements","robots":{"index":"index","follow":"follow","max-snippet":"max-snippet:-1","max-image-preview":"max-image-preview:large","max-video-preview":"max-video-preview:-1"},"canonical":"https:\/\/www.wenex.fr\/en\/offshore-emr\/hydro-group-underwater-connections-solutions-for-mre\/","og_locale":"en_US","og_type":"article","og_title":"Hydro Group underwater connections: solutions for MRE - Wenex Equipements","og_url":"https:\/\/www.wenex.fr\/en\/offshore-emr\/hydro-group-underwater-connections-solutions-for-mre\/","og_site_name":"Wenex Equipements","article_modified_time":"2023-01-12T08:57:32+00:00","og_image":[{"width":2560,"height":1928,"url":"https:\/\/www.wenex.fr\/wp-content\/uploads\/2022\/12\/Hydro-Group-1-scaled.jpg","type":"image\/jpeg"}],"twitter_card":"summary_large_image","schema":{"@context":"https:\/\/schema.org","@graph":[{"@type":"WebPage","@id":"https:\/\/www.wenex.fr\/en\/offshore-emr\/hydro-group-underwater-connections-solutions-for-mre\/","url":"https:\/\/www.wenex.fr\/en\/offshore-emr\/hydro-group-underwater-connections-solutions-for-mre\/","name":"Hydro Group underwater connections: solutions for MRE - Wenex Equipements","isPartOf":{"@id":"https:\/\/www.wenex.fr\/en\/#website"},"primaryImageOfPage":{"@id":"https:\/\/www.wenex.fr\/en\/offshore-emr\/hydro-group-underwater-connections-solutions-for-mre\/#primaryimage"},"image":{"@id":"https:\/\/www.wenex.fr\/en\/offshore-emr\/hydro-group-underwater-connections-solutions-for-mre\/#primaryimage"},"thumbnailUrl":"https:\/\/www.wenex.fr\/wp-content\/uploads\/2022\/12\/Hydro-Group-1-scaled.jpg","datePublished":"2023-01-03T08:56:06+00:00","dateModified":"2023-01-12T08:57:32+00:00","breadcrumb":{"@id":"https:\/\/www.wenex.fr\/en\/offshore-emr\/hydro-group-underwater-connections-solutions-for-mre\/#breadcrumb"},"inLanguage":"en-US","potentialAction":[{"@type":"ReadAction","target":["https:\/\/www.wenex.fr\/en\/offshore-emr\/hydro-group-underwater-connections-solutions-for-mre\/"]}]},{"@type":"ImageObject","inLanguage":"en-US","@id":"https:\/\/www.wenex.fr\/en\/offshore-emr\/hydro-group-underwater-connections-solutions-for-mre\/#primaryimage","url":"https:\/\/www.wenex.fr\/wp-content\/uploads\/2022\/12\/Hydro-Group-1-scaled.jpg","contentUrl":"https:\/\/www.wenex.fr\/wp-content\/uploads\/2022\/12\/Hydro-Group-1-scaled.jpg","width":2560,"height":1928},{"@type":"BreadcrumbList","@id":"https:\/\/www.wenex.fr\/en\/offshore-emr\/hydro-group-underwater-connections-solutions-for-mre\/#breadcrumb","itemListElement":[{"@type":"ListItem","position":1,"name":"Wenex","item":"https:\/\/www.wenex.fr\/en\/"},{"@type":"ListItem","position":2,"name":"Offshore &#038; EMR","item":"https:\/\/www.wenex.fr\/en\/offshore-emr\/"},{"@type":"ListItem","position":3,"name":"Hydro Group underwater connections: solutions for MRE"}]},{"@type":"WebSite","@id":"https:\/\/www.wenex.fr\/en\/#website","url":"https:\/\/www.wenex.fr\/en\/","name":"Wenex Equipements","description":"\u00c9quipements pour la construction navale, l&#039;\u00e9nergie, l&#039;offshore, EMR et industries sp\u00e9cialis\u00e9es","potentialAction":[{"@type":"SearchAction","target":{"@type":"EntryPoint","urlTemplate":"https:\/\/www.wenex.fr\/en\/?s={search_term_string}"},"query-input":{"@type":"PropertyValueSpecification","valueRequired":true,"valueName":"search_term_string"}}],"inLanguage":"en-US"}]}},"_links":{"self":[{"href":"https:\/\/www.wenex.fr\/en\/wp-json\/wp\/v2\/pages\/2742","targetHints":{"allow":["GET"]}}],"collection":[{"href":"https:\/\/www.wenex.fr\/en\/wp-json\/wp\/v2\/pages"}],"about":[{"href":"https:\/\/www.wenex.fr\/en\/wp-json\/wp\/v2\/types\/page"}],"author":[{"embeddable":true,"href":"https:\/\/www.wenex.fr\/en\/wp-json\/wp\/v2\/users\/3"}],"replies":[{"embeddable":true,"href":"https:\/\/www.wenex.fr\/en\/wp-json\/wp\/v2\/comments?post=2742"}],"version-history":[{"count":2,"href":"https:\/\/www.wenex.fr\/en\/wp-json\/wp\/v2\/pages\/2742\/revisions"}],"predecessor-version":[{"id":2744,"href":"https:\/\/www.wenex.fr\/en\/wp-json\/wp\/v2\/pages\/2742\/revisions\/2744"}],"up":[{"embeddable":true,"href":"https:\/\/www.wenex.fr\/en\/wp-json\/wp\/v2\/pages\/2735"}],"wp:featuredmedia":[{"embeddable":true,"href":"https:\/\/www.wenex.fr\/en\/wp-json\/wp\/v2\/media\/2187"}],"wp:attachment":[{"href":"https:\/\/www.wenex.fr\/en\/wp-json\/wp\/v2\/media?parent=2742"}],"curies":[{"name":"wp","href":"https:\/\/api.w.org\/{rel}","templated":true}]}}