{"id":2652,"date":"2022-07-20T09:58:10","date_gmt":"2022-07-20T07:58:10","guid":{"rendered":"https:\/\/www.wenex.fr\/portes-coulissantes-etanches-schoenrock-hydraulik\/"},"modified":"2023-01-11T13:13:08","modified_gmt":"2023-01-11T12:13:08","slug":"schoenrock-hydraulik-watertight-sliding-doors","status":"publish","type":"page","link":"https:\/\/www.wenex.fr\/en\/commercial-marine\/pont-et-manutention\/schoenrock-hydraulik-watertight-sliding-doors\/","title":{"rendered":"Schoenrock-Hydraulik watertight sliding doors"},"content":{"rendered":"","protected":false},"excerpt":{"rendered":"","protected":false},"author":3,"featured_media":1522,"parent":2664,"menu_order":0,"comment_status":"closed","ping_status":"closed","template":"","meta":{"_acf_changed":false,"footnotes":""},"class_list":["post-2652","page","type-page","status-publish","has-post-thumbnail","hentry"],"acf":[],"yoast_head":"<!-- This site is optimized with the Yoast SEO plugin v27.3 - https:\/\/yoast.com\/product\/yoast-seo-wordpress\/ -->\n<title>Schoenrock-Hydraulik watertight sliding doors - Wenex Equipements<\/title>\n<meta name=\"robots\" content=\"index, follow, max-snippet:-1, max-image-preview:large, max-video-preview:-1\" \/>\n<link rel=\"canonical\" href=\"https:\/\/www.wenex.fr\/en\/commercial-marine\/pont-et-manutention\/schoenrock-hydraulik-watertight-sliding-doors\/\" \/>\n<meta property=\"og:locale\" content=\"en_US\" \/>\n<meta property=\"og:type\" content=\"article\" \/>\n<meta property=\"og:title\" content=\"Schoenrock-Hydraulik watertight sliding doors - Wenex Equipements\" \/>\n<meta property=\"og:url\" content=\"https:\/\/www.wenex.fr\/en\/commercial-marine\/pont-et-manutention\/schoenrock-hydraulik-watertight-sliding-doors\/\" \/>\n<meta property=\"og:site_name\" content=\"Wenex Equipements\" \/>\n<meta property=\"article:modified_time\" content=\"2023-01-11T12:13:08+00:00\" \/>\n<meta property=\"og:image\" content=\"https:\/\/www.wenex.fr\/wp-content\/uploads\/2022\/09\/Schoenrock-2.jpg\" \/>\n\t<meta property=\"og:image:width\" content=\"800\" \/>\n\t<meta property=\"og:image:height\" content=\"600\" \/>\n\t<meta property=\"og:image:type\" content=\"image\/jpeg\" \/>\n<meta name=\"twitter:card\" content=\"summary_large_image\" \/>\n<script type=\"application\/ld+json\" class=\"yoast-schema-graph\">{\"@context\":\"https:\\\/\\\/schema.org\",\"@graph\":[{\"@type\":\"WebPage\",\"@id\":\"https:\\\/\\\/www.wenex.fr\\\/en\\\/commercial-marine\\\/pont-et-manutention\\\/schoenrock-hydraulik-watertight-sliding-doors\\\/\",\"url\":\"https:\\\/\\\/www.wenex.fr\\\/en\\\/commercial-marine\\\/pont-et-manutention\\\/schoenrock-hydraulik-watertight-sliding-doors\\\/\",\"name\":\"Schoenrock-Hydraulik watertight sliding doors - Wenex Equipements\",\"isPartOf\":{\"@id\":\"https:\\\/\\\/www.wenex.fr\\\/en\\\/#website\"},\"primaryImageOfPage\":{\"@id\":\"https:\\\/\\\/www.wenex.fr\\\/en\\\/commercial-marine\\\/pont-et-manutention\\\/schoenrock-hydraulik-watertight-sliding-doors\\\/#primaryimage\"},\"image\":{\"@id\":\"https:\\\/\\\/www.wenex.fr\\\/en\\\/commercial-marine\\\/pont-et-manutention\\\/schoenrock-hydraulik-watertight-sliding-doors\\\/#primaryimage\"},\"thumbnailUrl\":\"https:\\\/\\\/www.wenex.fr\\\/wp-content\\\/uploads\\\/2022\\\/09\\\/Schoenrock-2.jpg\",\"datePublished\":\"2022-07-20T07:58:10+00:00\",\"dateModified\":\"2023-01-11T12:13:08+00:00\",\"breadcrumb\":{\"@id\":\"https:\\\/\\\/www.wenex.fr\\\/en\\\/commercial-marine\\\/pont-et-manutention\\\/schoenrock-hydraulik-watertight-sliding-doors\\\/#breadcrumb\"},\"inLanguage\":\"en-US\",\"potentialAction\":[{\"@type\":\"ReadAction\",\"target\":[\"https:\\\/\\\/www.wenex.fr\\\/en\\\/commercial-marine\\\/pont-et-manutention\\\/schoenrock-hydraulik-watertight-sliding-doors\\\/\"]}]},{\"@type\":\"ImageObject\",\"inLanguage\":\"en-US\",\"@id\":\"https:\\\/\\\/www.wenex.fr\\\/en\\\/commercial-marine\\\/pont-et-manutention\\\/schoenrock-hydraulik-watertight-sliding-doors\\\/#primaryimage\",\"url\":\"https:\\\/\\\/www.wenex.fr\\\/wp-content\\\/uploads\\\/2022\\\/09\\\/Schoenrock-2.jpg\",\"contentUrl\":\"https:\\\/\\\/www.wenex.fr\\\/wp-content\\\/uploads\\\/2022\\\/09\\\/Schoenrock-2.jpg\",\"width\":800,\"height\":600},{\"@type\":\"BreadcrumbList\",\"@id\":\"https:\\\/\\\/www.wenex.fr\\\/en\\\/commercial-marine\\\/pont-et-manutention\\\/schoenrock-hydraulik-watertight-sliding-doors\\\/#breadcrumb\",\"itemListElement\":[{\"@type\":\"ListItem\",\"position\":1,\"name\":\"Wenex\",\"item\":\"https:\\\/\\\/www.wenex.fr\\\/en\\\/\"},{\"@type\":\"ListItem\",\"position\":2,\"name\":\"Schoenrock-Hydraulik watertight sliding doors\"}]},{\"@type\":\"WebSite\",\"@id\":\"https:\\\/\\\/www.wenex.fr\\\/en\\\/#website\",\"url\":\"https:\\\/\\\/www.wenex.fr\\\/en\\\/\",\"name\":\"Wenex Equipements\",\"description\":\"\u00c9quipements pour la construction navale, l&#039;\u00e9nergie, l&#039;offshore, EMR et industries sp\u00e9cialis\u00e9es\",\"potentialAction\":[{\"@type\":\"SearchAction\",\"target\":{\"@type\":\"EntryPoint\",\"urlTemplate\":\"https:\\\/\\\/www.wenex.fr\\\/en\\\/?s={search_term_string}\"},\"query-input\":{\"@type\":\"PropertyValueSpecification\",\"valueRequired\":true,\"valueName\":\"search_term_string\"}}],\"inLanguage\":\"en-US\"}]}<\/script>\n<!-- \/ Yoast SEO plugin. -->","yoast_head_json":{"title":"Schoenrock-Hydraulik watertight sliding doors - Wenex Equipements","robots":{"index":"index","follow":"follow","max-snippet":"max-snippet:-1","max-image-preview":"max-image-preview:large","max-video-preview":"max-video-preview:-1"},"canonical":"https:\/\/www.wenex.fr\/en\/commercial-marine\/pont-et-manutention\/schoenrock-hydraulik-watertight-sliding-doors\/","og_locale":"en_US","og_type":"article","og_title":"Schoenrock-Hydraulik watertight sliding doors - Wenex Equipements","og_url":"https:\/\/www.wenex.fr\/en\/commercial-marine\/pont-et-manutention\/schoenrock-hydraulik-watertight-sliding-doors\/","og_site_name":"Wenex Equipements","article_modified_time":"2023-01-11T12:13:08+00:00","og_image":[{"width":800,"height":600,"url":"https:\/\/www.wenex.fr\/wp-content\/uploads\/2022\/09\/Schoenrock-2.jpg","type":"image\/jpeg"}],"twitter_card":"summary_large_image","schema":{"@context":"https:\/\/schema.org","@graph":[{"@type":"WebPage","@id":"https:\/\/www.wenex.fr\/en\/commercial-marine\/pont-et-manutention\/schoenrock-hydraulik-watertight-sliding-doors\/","url":"https:\/\/www.wenex.fr\/en\/commercial-marine\/pont-et-manutention\/schoenrock-hydraulik-watertight-sliding-doors\/","name":"Schoenrock-Hydraulik watertight sliding doors - Wenex Equipements","isPartOf":{"@id":"https:\/\/www.wenex.fr\/en\/#website"},"primaryImageOfPage":{"@id":"https:\/\/www.wenex.fr\/en\/commercial-marine\/pont-et-manutention\/schoenrock-hydraulik-watertight-sliding-doors\/#primaryimage"},"image":{"@id":"https:\/\/www.wenex.fr\/en\/commercial-marine\/pont-et-manutention\/schoenrock-hydraulik-watertight-sliding-doors\/#primaryimage"},"thumbnailUrl":"https:\/\/www.wenex.fr\/wp-content\/uploads\/2022\/09\/Schoenrock-2.jpg","datePublished":"2022-07-20T07:58:10+00:00","dateModified":"2023-01-11T12:13:08+00:00","breadcrumb":{"@id":"https:\/\/www.wenex.fr\/en\/commercial-marine\/pont-et-manutention\/schoenrock-hydraulik-watertight-sliding-doors\/#breadcrumb"},"inLanguage":"en-US","potentialAction":[{"@type":"ReadAction","target":["https:\/\/www.wenex.fr\/en\/commercial-marine\/pont-et-manutention\/schoenrock-hydraulik-watertight-sliding-doors\/"]}]},{"@type":"ImageObject","inLanguage":"en-US","@id":"https:\/\/www.wenex.fr\/en\/commercial-marine\/pont-et-manutention\/schoenrock-hydraulik-watertight-sliding-doors\/#primaryimage","url":"https:\/\/www.wenex.fr\/wp-content\/uploads\/2022\/09\/Schoenrock-2.jpg","contentUrl":"https:\/\/www.wenex.fr\/wp-content\/uploads\/2022\/09\/Schoenrock-2.jpg","width":800,"height":600},{"@type":"BreadcrumbList","@id":"https:\/\/www.wenex.fr\/en\/commercial-marine\/pont-et-manutention\/schoenrock-hydraulik-watertight-sliding-doors\/#breadcrumb","itemListElement":[{"@type":"ListItem","position":1,"name":"Wenex","item":"https:\/\/www.wenex.fr\/en\/"},{"@type":"ListItem","position":2,"name":"Schoenrock-Hydraulik watertight sliding doors"}]},{"@type":"WebSite","@id":"https:\/\/www.wenex.fr\/en\/#website","url":"https:\/\/www.wenex.fr\/en\/","name":"Wenex Equipements","description":"\u00c9quipements pour la construction navale, l&#039;\u00e9nergie, l&#039;offshore, EMR et industries sp\u00e9cialis\u00e9es","potentialAction":[{"@type":"SearchAction","target":{"@type":"EntryPoint","urlTemplate":"https:\/\/www.wenex.fr\/en\/?s={search_term_string}"},"query-input":{"@type":"PropertyValueSpecification","valueRequired":true,"valueName":"search_term_string"}}],"inLanguage":"en-US"}]}},"_links":{"self":[{"href":"https:\/\/www.wenex.fr\/en\/wp-json\/wp\/v2\/pages\/2652","targetHints":{"allow":["GET"]}}],"collection":[{"href":"https:\/\/www.wenex.fr\/en\/wp-json\/wp\/v2\/pages"}],"about":[{"href":"https:\/\/www.wenex.fr\/en\/wp-json\/wp\/v2\/types\/page"}],"author":[{"embeddable":true,"href":"https:\/\/www.wenex.fr\/en\/wp-json\/wp\/v2\/users\/3"}],"replies":[{"embeddable":true,"href":"https:\/\/www.wenex.fr\/en\/wp-json\/wp\/v2\/comments?post=2652"}],"version-history":[{"count":3,"href":"https:\/\/www.wenex.fr\/en\/wp-json\/wp\/v2\/pages\/2652\/revisions"}],"predecessor-version":[{"id":2658,"href":"https:\/\/www.wenex.fr\/en\/wp-json\/wp\/v2\/pages\/2652\/revisions\/2658"}],"up":[{"embeddable":true,"href":"https:\/\/www.wenex.fr\/en\/wp-json\/wp\/v2\/pages\/2664"}],"wp:featuredmedia":[{"embeddable":true,"href":"https:\/\/www.wenex.fr\/en\/wp-json\/wp\/v2\/media\/1522"}],"wp:attachment":[{"href":"https:\/\/www.wenex.fr\/en\/wp-json\/wp\/v2\/media?parent=2652"}],"curies":[{"name":"wp","href":"https:\/\/api.w.org\/{rel}","templated":true}]}}