{"id":2608,"date":"2023-01-04T15:26:27","date_gmt":"2023-01-04T14:26:27","guid":{"rendered":"https:\/\/www.wenex.fr\/systeme-economique-greenoil-de-filtration-et-separation-pour-huile-do-go\/"},"modified":"2023-01-12T14:59:58","modified_gmt":"2023-01-12T13:59:58","slug":"greenoil-filtration-and-separation-system-for-lo-do-go","status":"publish","type":"page","link":"https:\/\/www.wenex.fr\/en\/commercial-marine\/engine-room-and-propulsion\/greenoil-filtration-and-separation-system-for-lo-do-go\/","title":{"rendered":"GreenOil filtration and separation system for LO\/ DO \/ GO"},"content":{"rendered":"","protected":false},"excerpt":{"rendered":"","protected":false},"author":3,"featured_media":2437,"parent":2675,"menu_order":0,"comment_status":"closed","ping_status":"closed","template":"","meta":{"_acf_changed":false,"footnotes":""},"class_list":["post-2608","page","type-page","status-publish","has-post-thumbnail","hentry"],"acf":[],"yoast_head":"<!-- This site is optimized with the Yoast SEO plugin v27.3 - https:\/\/yoast.com\/product\/yoast-seo-wordpress\/ -->\n<title>GreenOil filtration and separation system for LO\/ DO \/ GO - Wenex Equipements<\/title>\n<meta name=\"robots\" content=\"index, follow, max-snippet:-1, max-image-preview:large, max-video-preview:-1\" \/>\n<link rel=\"canonical\" href=\"https:\/\/www.wenex.fr\/en\/commercial-marine\/engine-room-and-propulsion\/greenoil-filtration-and-separation-system-for-lo-do-go\/\" \/>\n<meta property=\"og:locale\" content=\"en_US\" \/>\n<meta property=\"og:type\" content=\"article\" \/>\n<meta property=\"og:title\" content=\"GreenOil filtration and separation system for LO\/ DO \/ GO - Wenex Equipements\" \/>\n<meta property=\"og:url\" content=\"https:\/\/www.wenex.fr\/en\/commercial-marine\/engine-room-and-propulsion\/greenoil-filtration-and-separation-system-for-lo-do-go\/\" \/>\n<meta property=\"og:site_name\" content=\"Wenex Equipements\" \/>\n<meta property=\"article:modified_time\" content=\"2023-01-12T13:59:58+00:00\" \/>\n<meta property=\"og:image\" content=\"https:\/\/www.wenex.fr\/wp-content\/uploads\/2023\/01\/greeoil-meav.png\" \/>\n\t<meta property=\"og:image:width\" content=\"851\" \/>\n\t<meta property=\"og:image:height\" content=\"598\" \/>\n\t<meta property=\"og:image:type\" content=\"image\/png\" \/>\n<meta name=\"twitter:card\" content=\"summary_large_image\" \/>\n<script type=\"application\/ld+json\" class=\"yoast-schema-graph\">{\"@context\":\"https:\\\/\\\/schema.org\",\"@graph\":[{\"@type\":\"WebPage\",\"@id\":\"https:\\\/\\\/www.wenex.fr\\\/en\\\/commercial-marine\\\/engine-room-and-propulsion\\\/greenoil-filtration-and-separation-system-for-lo-do-go\\\/\",\"url\":\"https:\\\/\\\/www.wenex.fr\\\/en\\\/commercial-marine\\\/engine-room-and-propulsion\\\/greenoil-filtration-and-separation-system-for-lo-do-go\\\/\",\"name\":\"GreenOil filtration and separation system for LO\\\/ DO \\\/ GO - Wenex Equipements\",\"isPartOf\":{\"@id\":\"https:\\\/\\\/www.wenex.fr\\\/en\\\/#website\"},\"primaryImageOfPage\":{\"@id\":\"https:\\\/\\\/www.wenex.fr\\\/en\\\/commercial-marine\\\/engine-room-and-propulsion\\\/greenoil-filtration-and-separation-system-for-lo-do-go\\\/#primaryimage\"},\"image\":{\"@id\":\"https:\\\/\\\/www.wenex.fr\\\/en\\\/commercial-marine\\\/engine-room-and-propulsion\\\/greenoil-filtration-and-separation-system-for-lo-do-go\\\/#primaryimage\"},\"thumbnailUrl\":\"https:\\\/\\\/www.wenex.fr\\\/wp-content\\\/uploads\\\/2023\\\/01\\\/greeoil-meav.png\",\"datePublished\":\"2023-01-04T14:26:27+00:00\",\"dateModified\":\"2023-01-12T13:59:58+00:00\",\"breadcrumb\":{\"@id\":\"https:\\\/\\\/www.wenex.fr\\\/en\\\/commercial-marine\\\/engine-room-and-propulsion\\\/greenoil-filtration-and-separation-system-for-lo-do-go\\\/#breadcrumb\"},\"inLanguage\":\"en-US\",\"potentialAction\":[{\"@type\":\"ReadAction\",\"target\":[\"https:\\\/\\\/www.wenex.fr\\\/en\\\/commercial-marine\\\/engine-room-and-propulsion\\\/greenoil-filtration-and-separation-system-for-lo-do-go\\\/\"]}]},{\"@type\":\"ImageObject\",\"inLanguage\":\"en-US\",\"@id\":\"https:\\\/\\\/www.wenex.fr\\\/en\\\/commercial-marine\\\/engine-room-and-propulsion\\\/greenoil-filtration-and-separation-system-for-lo-do-go\\\/#primaryimage\",\"url\":\"https:\\\/\\\/www.wenex.fr\\\/wp-content\\\/uploads\\\/2023\\\/01\\\/greeoil-meav.png\",\"contentUrl\":\"https:\\\/\\\/www.wenex.fr\\\/wp-content\\\/uploads\\\/2023\\\/01\\\/greeoil-meav.png\",\"width\":851,\"height\":598},{\"@type\":\"BreadcrumbList\",\"@id\":\"https:\\\/\\\/www.wenex.fr\\\/en\\\/commercial-marine\\\/engine-room-and-propulsion\\\/greenoil-filtration-and-separation-system-for-lo-do-go\\\/#breadcrumb\",\"itemListElement\":[{\"@type\":\"ListItem\",\"position\":1,\"name\":\"Wenex\",\"item\":\"https:\\\/\\\/www.wenex.fr\\\/en\\\/\"},{\"@type\":\"ListItem\",\"position\":2,\"name\":\"Commercial Marine\",\"item\":\"https:\\\/\\\/www.wenex.fr\\\/en\\\/commercial-marine\\\/\"},{\"@type\":\"ListItem\",\"position\":3,\"name\":\"Engine room and propulsion\",\"item\":\"https:\\\/\\\/www.wenex.fr\\\/en\\\/commercial-marine\\\/engine-room-and-propulsion\\\/\"},{\"@type\":\"ListItem\",\"position\":4,\"name\":\"GreenOil filtration and separation system for LO\\\/ DO \\\/ GO\"}]},{\"@type\":\"WebSite\",\"@id\":\"https:\\\/\\\/www.wenex.fr\\\/en\\\/#website\",\"url\":\"https:\\\/\\\/www.wenex.fr\\\/en\\\/\",\"name\":\"Wenex Equipements\",\"description\":\"\u00c9quipements pour la construction navale, l&#039;\u00e9nergie, l&#039;offshore, EMR et industries sp\u00e9cialis\u00e9es\",\"potentialAction\":[{\"@type\":\"SearchAction\",\"target\":{\"@type\":\"EntryPoint\",\"urlTemplate\":\"https:\\\/\\\/www.wenex.fr\\\/en\\\/?s={search_term_string}\"},\"query-input\":{\"@type\":\"PropertyValueSpecification\",\"valueRequired\":true,\"valueName\":\"search_term_string\"}}],\"inLanguage\":\"en-US\"}]}<\/script>\n<!-- \/ Yoast SEO plugin. -->","yoast_head_json":{"title":"GreenOil filtration and separation system for LO\/ DO \/ GO - Wenex Equipements","robots":{"index":"index","follow":"follow","max-snippet":"max-snippet:-1","max-image-preview":"max-image-preview:large","max-video-preview":"max-video-preview:-1"},"canonical":"https:\/\/www.wenex.fr\/en\/commercial-marine\/engine-room-and-propulsion\/greenoil-filtration-and-separation-system-for-lo-do-go\/","og_locale":"en_US","og_type":"article","og_title":"GreenOil filtration and separation system for LO\/ DO \/ GO - Wenex Equipements","og_url":"https:\/\/www.wenex.fr\/en\/commercial-marine\/engine-room-and-propulsion\/greenoil-filtration-and-separation-system-for-lo-do-go\/","og_site_name":"Wenex Equipements","article_modified_time":"2023-01-12T13:59:58+00:00","og_image":[{"width":851,"height":598,"url":"https:\/\/www.wenex.fr\/wp-content\/uploads\/2023\/01\/greeoil-meav.png","type":"image\/png"}],"twitter_card":"summary_large_image","schema":{"@context":"https:\/\/schema.org","@graph":[{"@type":"WebPage","@id":"https:\/\/www.wenex.fr\/en\/commercial-marine\/engine-room-and-propulsion\/greenoil-filtration-and-separation-system-for-lo-do-go\/","url":"https:\/\/www.wenex.fr\/en\/commercial-marine\/engine-room-and-propulsion\/greenoil-filtration-and-separation-system-for-lo-do-go\/","name":"GreenOil filtration and separation system for LO\/ DO \/ GO - Wenex Equipements","isPartOf":{"@id":"https:\/\/www.wenex.fr\/en\/#website"},"primaryImageOfPage":{"@id":"https:\/\/www.wenex.fr\/en\/commercial-marine\/engine-room-and-propulsion\/greenoil-filtration-and-separation-system-for-lo-do-go\/#primaryimage"},"image":{"@id":"https:\/\/www.wenex.fr\/en\/commercial-marine\/engine-room-and-propulsion\/greenoil-filtration-and-separation-system-for-lo-do-go\/#primaryimage"},"thumbnailUrl":"https:\/\/www.wenex.fr\/wp-content\/uploads\/2023\/01\/greeoil-meav.png","datePublished":"2023-01-04T14:26:27+00:00","dateModified":"2023-01-12T13:59:58+00:00","breadcrumb":{"@id":"https:\/\/www.wenex.fr\/en\/commercial-marine\/engine-room-and-propulsion\/greenoil-filtration-and-separation-system-for-lo-do-go\/#breadcrumb"},"inLanguage":"en-US","potentialAction":[{"@type":"ReadAction","target":["https:\/\/www.wenex.fr\/en\/commercial-marine\/engine-room-and-propulsion\/greenoil-filtration-and-separation-system-for-lo-do-go\/"]}]},{"@type":"ImageObject","inLanguage":"en-US","@id":"https:\/\/www.wenex.fr\/en\/commercial-marine\/engine-room-and-propulsion\/greenoil-filtration-and-separation-system-for-lo-do-go\/#primaryimage","url":"https:\/\/www.wenex.fr\/wp-content\/uploads\/2023\/01\/greeoil-meav.png","contentUrl":"https:\/\/www.wenex.fr\/wp-content\/uploads\/2023\/01\/greeoil-meav.png","width":851,"height":598},{"@type":"BreadcrumbList","@id":"https:\/\/www.wenex.fr\/en\/commercial-marine\/engine-room-and-propulsion\/greenoil-filtration-and-separation-system-for-lo-do-go\/#breadcrumb","itemListElement":[{"@type":"ListItem","position":1,"name":"Wenex","item":"https:\/\/www.wenex.fr\/en\/"},{"@type":"ListItem","position":2,"name":"Commercial Marine","item":"https:\/\/www.wenex.fr\/en\/commercial-marine\/"},{"@type":"ListItem","position":3,"name":"Engine room and propulsion","item":"https:\/\/www.wenex.fr\/en\/commercial-marine\/engine-room-and-propulsion\/"},{"@type":"ListItem","position":4,"name":"GreenOil filtration and separation system for LO\/ DO \/ GO"}]},{"@type":"WebSite","@id":"https:\/\/www.wenex.fr\/en\/#website","url":"https:\/\/www.wenex.fr\/en\/","name":"Wenex Equipements","description":"\u00c9quipements pour la construction navale, l&#039;\u00e9nergie, l&#039;offshore, EMR et industries sp\u00e9cialis\u00e9es","potentialAction":[{"@type":"SearchAction","target":{"@type":"EntryPoint","urlTemplate":"https:\/\/www.wenex.fr\/en\/?s={search_term_string}"},"query-input":{"@type":"PropertyValueSpecification","valueRequired":true,"valueName":"search_term_string"}}],"inLanguage":"en-US"}]}},"_links":{"self":[{"href":"https:\/\/www.wenex.fr\/en\/wp-json\/wp\/v2\/pages\/2608","targetHints":{"allow":["GET"]}}],"collection":[{"href":"https:\/\/www.wenex.fr\/en\/wp-json\/wp\/v2\/pages"}],"about":[{"href":"https:\/\/www.wenex.fr\/en\/wp-json\/wp\/v2\/types\/page"}],"author":[{"embeddable":true,"href":"https:\/\/www.wenex.fr\/en\/wp-json\/wp\/v2\/users\/3"}],"replies":[{"embeddable":true,"href":"https:\/\/www.wenex.fr\/en\/wp-json\/wp\/v2\/comments?post=2608"}],"version-history":[{"count":6,"href":"https:\/\/www.wenex.fr\/en\/wp-json\/wp\/v2\/pages\/2608\/revisions"}],"predecessor-version":[{"id":2620,"href":"https:\/\/www.wenex.fr\/en\/wp-json\/wp\/v2\/pages\/2608\/revisions\/2620"}],"up":[{"embeddable":true,"href":"https:\/\/www.wenex.fr\/en\/wp-json\/wp\/v2\/pages\/2675"}],"wp:featuredmedia":[{"embeddable":true,"href":"https:\/\/www.wenex.fr\/en\/wp-json\/wp\/v2\/media\/2437"}],"wp:attachment":[{"href":"https:\/\/www.wenex.fr\/en\/wp-json\/wp\/v2\/media?parent=2608"}],"curies":[{"name":"wp","href":"https:\/\/api.w.org\/{rel}","templated":true}]}}